{"id":10562,"date":"2024-11-26T16:56:34","date_gmt":"2024-11-26T16:56:34","guid":{"rendered":"https:\/\/spelregel.se\/?page_id=10562"},"modified":"2025-06-25T15:47:13","modified_gmt":"2025-06-25T15:47:13","slug":"sitemap","status":"publish","type":"page","link":"https:\/\/spelregel.se\/en\/sitemap\/","title":{"rendered":"Site map"},"content":{"rendered":"<div id=\"fws_69e0c250c2178\"  data-column-margin=\"default\" data-midnight=\"dark\"  class=\"wpb_row vc_row-fluid vc_row\"  style=\"padding-top: 0px; padding-bottom: 0px; \"><div class=\"row-bg-wrap\" data-bg-animation=\"none\" data-bg-animation-delay=\"\" data-bg-overlay=\"false\"><div class=\"inner-wrap row-bg-layer\" ><div class=\"row-bg viewport-desktop\"  style=\"\"><\/div><\/div><\/div><div class=\"row_col_wrap_12 col span_12 dark left\">\n\t<div  class=\"vc_col-sm-12 wpb_column column_container vc_column_container col no-extra-padding inherit_tablet inherit_phone\"  data-padding-pos=\"all\" data-has-bg-color=\"false\" data-bg-color=\"\" data-bg-opacity=\"1\" data-animation=\"\" data-delay=\"0\" >\n\t\t<div class=\"vc_column-inner\" >\n\t\t\t<div class=\"wpb_wrapper\">\n\t\t\t\t\n<div class=\"wpb_text_column wpb_content_element\" >\n\t<div class=\"wpb_wrapper\">\n\t\t<div class=\"aioseo-breadcrumbs\"><span class=\"aioseo-breadcrumb\">\n\tHome\n<\/span><\/div>\n\t<\/div>\n<\/div>\n\n\n\n\n\t\t\t<\/div> \n\t\t<\/div>\n\t<\/div> \n<\/div><\/div>\n\t\t<div id=\"fws_69e0c250c2faf\"  data-column-margin=\"default\" data-midnight=\"dark\"  class=\"wpb_row vc_row-fluid vc_row\"  style=\"padding-top: 0px; padding-bottom: 0px; \"><div class=\"row-bg-wrap\" data-bg-animation=\"none\" data-bg-animation-delay=\"\" data-bg-overlay=\"false\"><div class=\"inner-wrap row-bg-layer\" ><div class=\"row-bg viewport-desktop\"  style=\"\"><\/div><\/div><\/div><div class=\"row_col_wrap_12 col span_12 dark left\">\n\t<div  class=\"vc_col-sm-12 wpb_column column_container vc_column_container col no-extra-padding inherit_tablet inherit_phone\"  data-padding-pos=\"all\" data-has-bg-color=\"false\" data-bg-color=\"\" data-bg-opacity=\"1\" data-animation=\"\" data-delay=\"0\" >\n\t\t<div class=\"vc_column-inner\" >\n\t\t\t<div class=\"wpb_wrapper\">\n\t\t\t\t<h1 style=\"text-align: left\" class=\"vc_custom_heading vc_do_custom_heading\" >Site map<\/h1>\n\t\t\t<\/div> \n\t\t<\/div>\n\t<\/div> \n<\/div><\/div>\n\t\t<div id=\"fws_69e0c250c37a9\"  data-column-margin=\"none\" data-midnight=\"dark\"  class=\"wpb_row vc_row-fluid vc_row\"  style=\"padding-top: 0px; padding-bottom: 0px; \"><div class=\"row-bg-wrap\" data-bg-animation=\"none\" data-bg-animation-delay=\"\" data-bg-overlay=\"false\"><div class=\"inner-wrap row-bg-layer\" ><div class=\"row-bg viewport-desktop\"  style=\"\"><\/div><\/div><\/div><div class=\"row_col_wrap_12 col span_12 dark left\">\n\t<div  class=\"vc_col-sm-12 wpb_column column_container vc_column_container col no-extra-padding inherit_tablet inherit_phone\"  data-padding-pos=\"all\" data-has-bg-color=\"false\" data-bg-color=\"\" data-bg-opacity=\"1\" data-animation=\"\" data-delay=\"0\" >\n\t\t<div class=\"vc_column-inner\" >\n\t\t\t<div class=\"wpb_wrapper\">\n\t\t\t\t\n<div class=\"wpb_text_column wpb_content_element\" >\n\t<div class=\"wpb_wrapper\">\n\t\t<div class=\"aioseo-html-sitemap\"><style>.aioseo-html-sitemap.labels-hidden ul { margin: 0; }<\/style><div class=\"aioseo-html-post-sitemap\"><h4>Posts<\/h4><ul><li><a href=\"https:\/\/spelregel.se\/en\/how-to-play-go-fish\/\" >How to play Go Fish<\/a><\/li><li><a href=\"https:\/\/spelregel.se\/en\/ring-of-fire-rules\/\" >Ring of Fire rules<\/a><\/li><li><a href=\"https:\/\/spelregel.se\/en\/card-games-for-two\/\" >Card games for two<\/a><\/li><li><a href=\"https:\/\/spelregel.se\/en\/skip-bo-rules\/\" >Skip bo rules<\/a><\/li><li><a href=\"https:\/\/spelregel.se\/en\/backgammon-rules\/\" >Backgammon rules<\/a><\/li><li><a href=\"https:\/\/spelregel.se\/en\/junior-monopoly-rules\/\" >Monopoly junior rules<\/a><\/li><li><a href=\"https:\/\/spelregel.se\/en\/kalaha-rules\/\" >Kalaha rules<\/a><\/li><li><a href=\"https:\/\/spelregel.se\/en\/gin-rummy-rules\/\" >Gin rummy rules<\/a><\/li><li><a href=\"https:\/\/spelregel.se\/en\/ludo-game-rules\/\" >Ludo game rules<\/a><\/li><li><a href=\"https:\/\/spelregel.se\/en\/hitster-game\/\" >Hitster game<\/a><\/li><li><a href=\"https:\/\/spelregel.se\/en\/play-solitaire\/\" >Play Solitaire<\/a><\/li><li><a href=\"https:\/\/spelregel.se\/en\/football-sleepovers-children\/\" >football drills for children<\/a><\/li><li><a href=\"https:\/\/spelregel.se\/en\/the-christmas-gift-game\/\" >The Christmas gift game<\/a><\/li><li><a href=\"https:\/\/spelregel.se\/en\/cube\/\" >Kubb<\/a><\/li><li><a href=\"https:\/\/spelregel.se\/en\/games-for-children\/\" >Games for children<\/a><\/li><li><a href=\"https:\/\/spelregel.se\/en\/darts-rules\/\" >Darts rules<\/a><\/li><li><a href=\"https:\/\/spelregel.se\/en\/kopa-monopoly-game\/\" >buy monopoly games<\/a><\/li><li><a href=\"https:\/\/spelregel.se\/en\/chicago-card-game\/\" >chicago card game<\/a><\/li><li><a href=\"https:\/\/spelregel.se\/en\/step-by-step-guide-to-baccarat\/\" >Step by step guide to Baccarat<\/a><\/li><li><a href=\"https:\/\/spelregel.se\/en\/important-tricks-to-second-tactics-in-texas-holdem\/\" >Key tricks for changing tactics<\/a><\/li><li><a href=\"https:\/\/spelregel.se\/en\/first-side-bet-in-baccarat\/\" >Understanding side bets in baccarat<\/a><\/li><li><a href=\"https:\/\/spelregel.se\/en\/rules-for-the-swedish-gambling-market-who-can-play-for-money-in-sweden\/\" >Swedish legislation<\/a><\/li><li><a href=\"https:\/\/spelregel.se\/en\/boost-your-brain-and-behaviour\/\" >Boosting your brain and socialising<\/a><\/li><li><a href=\"https:\/\/spelregel.se\/en\/family-game\/\" >Family games<\/a><\/li><li><a href=\"https:\/\/spelregel.se\/en\/monopoly-then-you-play-step-by-step\/\" >Monopoly - How to play step by step<\/a><\/li><li><a href=\"https:\/\/spelregel.se\/en\/vandtia-rules\/\" >TWENTY-ONE RULES<\/a><\/li><li><a href=\"https:\/\/spelregel.se\/en\/from-the-cutting-room-floor-to-digital-platforms\/\" >FROM CARD TABLES TO DIGITAL PLATFORMS<\/a><\/li><li><a href=\"https:\/\/spelregel.se\/en\/classic-board-games\/\" >Classic board games<\/a><\/li><\/ul><\/div><br \/><div class=\"aioseo-html-page-sitemap\"><h4>Pages<\/h4><ul><li><a href=\"https:\/\/spelregel.se\/en\/\" >Home page<\/a><\/li><li><a href=\"https:\/\/spelregel.se\/en\/on-the-rule-of-the-game\/\" >About Game Rule<\/a><\/li><li><a href=\"https:\/\/spelregel.se\/en\/conditions-and-rules\/\" >Conditions and rules<\/a><\/li><li><a href=\"https:\/\/spelregel.se\/en\/contact\/\" >Contact us<\/a><\/li><li><a href=\"https:\/\/spelregel.se\/en\/cookie-policy-for-game-rule-se\/\" >Cookie policy for Spelregel.se<\/a><\/li><li><a href=\"https:\/\/spelregel.se\/en\/sitemap\/\" >Site map<\/a><\/li><li><a href=\"https:\/\/spelregel.se\/en\/dictionary\/\" >Dictionary<\/a><\/li><li><a href=\"https:\/\/spelregel.se\/en\/privacy-policy-for-game-rules\/\" >Privacy policy of Spelregel<\/a><\/li><li><a href=\"https:\/\/spelregel.se\/en\/site-map-2\/\" >Site map<\/a><\/li><\/ul><\/div><br \/><div class=\"aioseo-html-inlaggsforfattare-sitemap\"><h4>Post Authors<\/h4><ul><li><a href=\"https:\/\/spelregel.se\/en\/contributing-author\/marek-prochazka\/\" >Mr Marek Proch\u00e1zka<\/a><\/li><\/ul><\/div><br \/><\/div>\n\t<\/div>\n<\/div>\n\n\n\n\n\t\t\t<\/div> \n\t\t<\/div>\n\t<\/div> \n<\/div><\/div>","protected":false},"excerpt":{"rendered":"Hem Webbplatskarta PostsFinns i sj\u00f6n reglerRing of Fire reglerKortspel f\u00f6r tv\u00e5Skip bo reglerBackgammon reglerRegler monopol juniorKalaha regler\u200bGin rummy regler\u200bFia med knuff reglerHitster spelSpela harpanfotbolls\u00f6vningar barnJulklappsspeletKubbSpel f\u00f6r barnDart reglerk\u00f6pa monopol spelchicago kortspelSteg f\u00f6r steg guide till BaccaratViktiga knep f\u00f6r att \u00e4ndra taktikF\u00f6rst\u00e5 sidobet i baccaratSvenska lagstiftningBoosta Hj\u00e4rnan och Umg\u00e4ngetFamiljespelMonopol \u2013 S\u00e5 spelar du steg f\u00f6r stegV\u00c4NDTIA REGLERFR\u00c5N KORTBORD TILL DIGITALA PLATTFORMARklassiska br\u00e4dspelPagesHomepageOm SpelregelVillkor och reglerKontaktCookiepolicy f\u00f6r Spelregel.seWebbplatskartaOrdbokPersonuppgiftspolicy f\u00f6r SpelregelWebbplatskartaPost AuthorsMarek Proch\u00e1zka","protected":false},"author":7,"featured_media":0,"parent":0,"menu_order":0,"comment_status":"closed","ping_status":"closed","template":"","meta":{"_acf_changed":false,"inline_featured_image":false,"_glsr_average":0,"_glsr_ranking":0,"_glsr_reviews":0,"footnotes":""},"class_list":["post-10562","page","type-page","status-publish"],"acf":[],"aioseo_notices":[],"_links":{"self":[{"href":"https:\/\/spelregel.se\/en\/wp-json\/wp\/v2\/pages\/10562","targetHints":{"allow":["GET"]}}],"collection":[{"href":"https:\/\/spelregel.se\/en\/wp-json\/wp\/v2\/pages"}],"about":[{"href":"https:\/\/spelregel.se\/en\/wp-json\/wp\/v2\/types\/page"}],"author":[{"embeddable":true,"href":"https:\/\/spelregel.se\/en\/wp-json\/wp\/v2\/users\/7"}],"replies":[{"embeddable":true,"href":"https:\/\/spelregel.se\/en\/wp-json\/wp\/v2\/comments?post=10562"}],"version-history":[{"count":0,"href":"https:\/\/spelregel.se\/en\/wp-json\/wp\/v2\/pages\/10562\/revisions"}],"wp:attachment":[{"href":"https:\/\/spelregel.se\/en\/wp-json\/wp\/v2\/media?parent=10562"}],"curies":[{"name":"wp","href":"https:\/\/api.w.org\/{rel}","templated":true}]}}